{"id":716,"date":"2018-05-09T13:10:00","date_gmt":"2018-05-09T13:10:00","guid":{"rendered":"http:\/\/gc.hirehamva.hu\/gcwp\/?page_id=716"},"modified":"2018-05-09T13:10:00","modified_gmt":"2018-05-09T13:10:00","slug":"aszf","status":"publish","type":"page","link":"https:\/\/gc.hirehamva.hu\/gcwp\/aszf","title":{"rendered":"\u00c1SZF"},"content":{"rendered":"<p>Azzal, hogy bel\u00e9p hirehamva.hu , gc.hirehamva.hu oldalra, elfogadja az al\u00e1bbi felt\u00e9teleket:<\/p>\n<p>Az hirehamva.hu \u00e9s aldom\u00e9njei, (tov\u00e1bbiakban honlap) tal\u00e1lhat\u00f3 tartalom Koszta L\u00e1szl\u00f3 mag\u00e1nszem\u00e9ly (tov\u00e1bbiakban blogger) szellemi tulajdona.<\/p>\n<p>A blogger fenntart minden, a honlap b\u00e1rmely r\u00e9sz\u00e9nek b\u00e1rmilyen m\u00f3dszerrel, technik\u00e1val t\u00f6rt\u00e9n\u0151 m\u00e1sol\u00e1s\u00e1val \u00e9s terjeszt\u00e9s\u00e9vel kapcsolatos jogot.<\/p>\n<p>A jogosulatlan felhaszn\u00e1l\u00e1s b\u00fcntet\u0151- \u00e9s polg\u00e1ri jogi k\u00f6vetkezm\u00e9nyeket von maga ut\u00e1n. A blogger k\u00f6vetelheti a jogs\u00e9rt\u00e9s abbahagy\u00e1s\u00e1t \u00e9s k\u00e1r\u00e1nak megt\u00e9r\u00edt\u00e9s\u00e9t.<\/p>\n<p>A honlapt\u00f3l adatot, fot\u00f3t,vide\u00f3t, sz\u00f6veget \u00e1tvenni csak a honlapra val\u00f3 hivatkoz\u00e1ssal lehet, azzal a felt\u00e9tellel, hogy az \u00e1tvev\u0151<br \/>\n1) nem m\u00f3dos\u00edtja az eredeti inform\u00e1ci\u00f3t,<br \/>\n2) a lapra utal\u00f3 hivatkoz\u00e1st minden k\u00f6zl\u00e9sn\u00e9l felt\u00fcnteti.<\/p>\n<p>A hirehamva.hu \u00e9s gc.hirehamva.hu, pontos \u00e9s hiteles inform\u00e1ci\u00f3k k\u00f6zl\u00e9s\u00e9re t\u00f6rekszik, de a t\u00e1j\u00e9koztat\u00e1sb\u00f3l fakad\u00f3 esetleges k\u00e1rok\u00e9rt felel\u0151ss\u00e9get nem v\u00e1llal.<\/p>\n","protected":false},"excerpt":{"rendered":"<p>Azzal, hogy bel\u00e9p hirehamva.hu , gc.hirehamva.hu oldalra, elfogadja az al\u00e1bbi felt\u00e9teleket: Az hirehamva.hu \u00e9s aldom\u00e9njei, (tov\u00e1bbiakban honlap) tal\u00e1lhat\u00f3 tartalom Koszta L\u00e1szl\u00f3 mag\u00e1nszem\u00e9ly (tov\u00e1bbiakban blogger) szellemi tulajdona. A blogger fenntart minden, a honlap b\u00e1rmely r\u00e9sz\u00e9nek b\u00e1rmilyen m\u00f3dszerrel, technik\u00e1val t\u00f6rt\u00e9n\u0151 m\u00e1sol\u00e1s\u00e1val \u00e9s terjeszt\u00e9s\u00e9vel kapcsolatos jogot. A jogosulatlan felhaszn\u00e1l\u00e1s b\u00fcntet\u0151- \u00e9s polg\u00e1ri jogi k\u00f6vetkezm\u00e9nyeket von maga ut\u00e1n. A &hellip; <\/p>\n<p class=\"link-more\"><a href=\"https:\/\/gc.hirehamva.hu\/gcwp\/aszf\" class=\"more-link\"><span class=\"screen-reader-text\">&#8222;\u00c1SZF&#8221;<\/span> b\u0151vebben<\/a><\/p>\n","protected":false},"author":1,"featured_media":0,"parent":0,"menu_order":0,"comment_status":"closed","ping_status":"closed","template":"","meta":{"footnotes":""},"class_list":["post-716","page","type-page","status-publish","hentry"],"_links":{"self":[{"href":"https:\/\/gc.hirehamva.hu\/gcwp\/wp-json\/wp\/v2\/pages\/716","targetHints":{"allow":["GET"]}}],"collection":[{"href":"https:\/\/gc.hirehamva.hu\/gcwp\/wp-json\/wp\/v2\/pages"}],"about":[{"href":"https:\/\/gc.hirehamva.hu\/gcwp\/wp-json\/wp\/v2\/types\/page"}],"author":[{"embeddable":true,"href":"https:\/\/gc.hirehamva.hu\/gcwp\/wp-json\/wp\/v2\/users\/1"}],"replies":[{"embeddable":true,"href":"https:\/\/gc.hirehamva.hu\/gcwp\/wp-json\/wp\/v2\/comments?post=716"}],"version-history":[{"count":1,"href":"https:\/\/gc.hirehamva.hu\/gcwp\/wp-json\/wp\/v2\/pages\/716\/revisions"}],"predecessor-version":[{"id":717,"href":"https:\/\/gc.hirehamva.hu\/gcwp\/wp-json\/wp\/v2\/pages\/716\/revisions\/717"}],"wp:attachment":[{"href":"https:\/\/gc.hirehamva.hu\/gcwp\/wp-json\/wp\/v2\/media?parent=716"}],"curies":[{"name":"wp","href":"https:\/\/api.w.org\/{rel}","templated":true}]}}